{"id":329,"date":"2025-11-07T01:37:08","date_gmt":"2025-11-07T01:37:08","guid":{"rendered":"https:\/\/minhquan.sgi.edu.vn\/?page_id=329"},"modified":"2025-11-13T02:00:41","modified_gmt":"2025-11-13T02:00:41","slug":"trang-chu","status":"publish","type":"page","link":"https:\/\/minhquan.sgi.edu.vn\/","title":{"rendered":"Trang ch\u1ee7"},"content":{"rendered":"\t\t<div data-elementor-type=\"wp-page\" data-elementor-id=\"329\" class=\"elementor elementor-329\" data-elementor-post-type=\"page\">\n\t\t\t\t<div class=\"elementor-element elementor-element-5c45323 e-flex e-con-boxed e-con e-parent\" data-id=\"5c45323\" data-element_type=\"container\">\n\t\t\t\t\t<div class=\"e-con-inner\">\n\t\t\t\t<div class=\"elementor-element elementor-element-a99f743 elementor--h-position-center elementor--v-position-middle elementor-arrows-position-inside elementor-pagination-position-inside elementor-widget elementor-widget-slides\" data-id=\"a99f743\" data-element_type=\"widget\" data-settings=\"{&quot;navigation&quot;:&quot;both&quot;,&quot;autoplay&quot;:&quot;yes&quot;,&quot;pause_on_hover&quot;:&quot;yes&quot;,&quot;pause_on_interaction&quot;:&quot;yes&quot;,&quot;autoplay_speed&quot;:5000,&quot;infinite&quot;:&quot;yes&quot;,&quot;transition&quot;:&quot;slide&quot;,&quot;transition_speed&quot;:500}\" data-widget_type=\"slides.default\">\n\t\t\t\t\t\t\t\t\t\t<div class=\"elementor-slides-wrapper elementor-main-swiper swiper\" role=\"region\" aria-roledescription=\"carousel\" aria-label=\"Slides\" dir=\"ltr\" data-animation=\"fadeInUp\">\n\t\t\t\t<div class=\"swiper-wrapper elementor-slides\">\n\t\t\t\t\t\t\t\t\t\t<div class=\"elementor-repeater-item-04db722 swiper-slide\" role=\"group\" aria-roledescription=\"slide\"><div class=\"swiper-slide-bg\" role=\"img\"><\/div><div class=\"swiper-slide-inner\" ><div class=\"swiper-slide-contents\"><div class=\"elementor-slide-heading\">NH\u1eacP H\u1ed8I GHI\u1ec0N TR\u00c0 S\u1eeeA TH\u1ea2 GA C\u00d9NG MIMI NH\u00c9!!<\/div><div class=\"elementor-slide-description\">G\u1ed2M 25 LO\u1ea0I TR\u00c0 S\u1eeeA V\u00c0 TR\u00c0 KH\u00c1C NHAU <\/div><div  class=\"elementor-button elementor-slide-button elementor-size-sm\">Click Here<\/div><\/div><\/div><\/div><div class=\"elementor-repeater-item-d709d5e swiper-slide\" role=\"group\" aria-roledescription=\"slide\"><div class=\"swiper-slide-bg\" role=\"img\"><\/div><div class=\"swiper-slide-inner\" ><div class=\"swiper-slide-contents\"><div class=\"elementor-slide-heading\">NHANH TAY NHANH TAY MUA N\u00c0O!!!<\/div><div class=\"elementor-slide-description\">GI\u1ea2M GI\u00c1 M\u1ea0NH T\u1eea NG\u00c0Y 11\/11 \u0111\u1ebfn 29\/11<\/div><div  class=\"elementor-button elementor-slide-button elementor-size-sm\">Click Here<\/div><\/div><\/div><\/div>\t\t\t\t<\/div>\n\t\t\t\t\t\t\t\t\t\t\t\t\t\t\t<div class=\"elementor-swiper-button elementor-swiper-button-prev\" role=\"button\" tabindex=\"0\" aria-label=\"Previous slide\">\n\t\t\t\t\t\t\t<svg aria-hidden=\"true\" class=\"e-font-icon-svg e-eicon-chevron-left\" viewBox=\"0 0 1000 1000\" xmlns=\"http:\/\/www.w3.org\/2000\/svg\"><path d=\"M646 125C629 125 613 133 604 142L308 442C296 454 292 471 292 487 292 504 296 521 308 533L604 854C617 867 629 875 646 875 663 875 679 871 692 858 704 846 713 829 713 812 713 796 708 779 692 767L438 487 692 225C700 217 708 204 708 187 708 171 704 154 692 142 675 129 663 125 646 125Z\"><\/path><\/svg>\t\t\t\t\t\t<\/div>\n\t\t\t\t\t\t<div class=\"elementor-swiper-button elementor-swiper-button-next\" role=\"button\" tabindex=\"0\" aria-label=\"Next slide\">\n\t\t\t\t\t\t\t<svg aria-hidden=\"true\" class=\"e-font-icon-svg e-eicon-chevron-right\" viewBox=\"0 0 1000 1000\" xmlns=\"http:\/\/www.w3.org\/2000\/svg\"><path d=\"M696 533C708 521 713 504 713 487 713 471 708 454 696 446L400 146C388 133 375 125 354 125 338 125 325 129 313 142 300 154 292 171 292 187 292 204 296 221 308 233L563 492 304 771C292 783 288 800 288 817 288 833 296 850 308 863 321 871 338 875 354 875 371 875 388 867 400 854L696 533Z\"><\/path><\/svg>\t\t\t\t\t\t<\/div>\n\t\t\t\t\t\t\t\t\t\t\t\t\t\t\t\t<div class=\"swiper-pagination\"><\/div>\n\t\t\t\t\t\t\t\t\t\t\t\t<\/div>\n\t\t\t\t\t\t\t\t<\/div>\n\t\t\t\t\t<\/div>\n\t\t\t\t<\/div>\n\t\t<div class=\"elementor-element elementor-element-e6b376a e-flex e-con-boxed e-con e-parent\" data-id=\"e6b376a\" data-element_type=\"container\">\n\t\t\t\t\t<div class=\"e-con-inner\">\n\t\t\t\t<div class=\"elementor-element elementor-element-96bec37 elementor-widget elementor-widget-heading\" data-id=\"96bec37\" data-element_type=\"widget\" data-widget_type=\"heading.default\">\n\t\t\t\t\t<h2 class=\"elementor-heading-title elementor-size-default\"><span style=\"font-family: Arimo;font-size: 24px\">BEST SELLERS - TR\u00c0 S\u1eeeA&nbsp; \u0110\u00c0I LOAN CH\u1ea4T L\u01af\u1ee2NG<\/span><\/h2>\t\t\t\t<\/div>\n\t\t\t\t\t<\/div>\n\t\t\t\t<\/div>\n\t\t<div class=\"elementor-element elementor-element-d38f85a e-flex e-con-boxed e-con e-parent\" data-id=\"d38f85a\" data-element_type=\"container\">\n\t\t\t\t\t<div class=\"e-con-inner\">\n\t\t\t\t<div class=\"elementor-element elementor-element-1503258 elementor-grid-4 elementor-grid-tablet-3 elementor-grid-mobile-2 elementor-products-grid elementor-wc-products elementor-widget elementor-widget-woocommerce-products\" data-id=\"1503258\" data-element_type=\"widget\" data-widget_type=\"woocommerce-products.default\">\n\t\t\t\t<div class=\"elementor-widget-container\">\n\t\t\t\t\t<div class=\"woocommerce columns-4 \"><ul class=\"products elementor-grid columns-4\">\n<li class=\"product type-product post-434 status-publish first instock product_cat-uncategorized has-post-thumbnail shipping-taxable purchasable product-type-variable\">\n\t<a href=\"https:\/\/minhquan.sgi.edu.vn\/index.php\/product\/tra-mang-cau\/\" class=\"woocommerce-LoopProduct-link woocommerce-loop-product__link\"><img fetchpriority=\"high\" decoding=\"async\" width=\"300\" height=\"300\" src=\"https:\/\/minhquan.sgi.edu.vn\/wp-content\/uploads\/2025\/11\/tra-mang-cau-747x1024-1-300x300.jpg\" class=\"attachment-woocommerce_thumbnail size-woocommerce_thumbnail\" alt=\"tr\u00e0 m\u0103ng c\u1ea7u\" srcset=\"https:\/\/minhquan.sgi.edu.vn\/wp-content\/uploads\/2025\/11\/tra-mang-cau-747x1024-1-300x300.jpg 300w, https:\/\/minhquan.sgi.edu.vn\/wp-content\/uploads\/2025\/11\/tra-mang-cau-747x1024-1-150x150.jpg 150w, https:\/\/minhquan.sgi.edu.vn\/wp-content\/uploads\/2025\/11\/tra-mang-cau-747x1024-1-100x100.jpg 100w\" sizes=\"(max-width: 300px) 100vw, 300px\" \/><h2 class=\"woocommerce-loop-product__title\">tr\u00e0 m\u0103ng c\u1ea7u<\/h2>\n\t<span class=\"price\"><span class=\"woocommerce-Price-amount amount\"><bdi>30.000&nbsp;<span class=\"woocommerce-Price-currencySymbol\">&#8363;<\/span><\/bdi><\/span><\/span>\n<\/a><a href=\"https:\/\/minhquan.sgi.edu.vn\/index.php\/product\/tra-mang-cau\/\" aria-describedby=\"woocommerce_loop_add_to_cart_link_describedby_434\" data-quantity=\"1\" class=\"button product_type_variable add_to_cart_button\" data-product_id=\"434\" data-product_sku=\"\" aria-label=\"L\u1ef1a ch\u1ecdn cho &ldquo;tr\u00e0 m\u0103ng c\u1ea7u&rdquo;\" rel=\"nofollow\">Ch\u1ecdn<\/a>\t<span id=\"woocommerce_loop_add_to_cart_link_describedby_434\" class=\"screen-reader-text\">\n\t\tS\u1ea3n ph\u1ea9m n\u00e0y c\u00f3 nhi\u1ec1u bi\u1ebfn th\u1ec3. C\u00e1c t\u00f9y ch\u1ecdn c\u00f3 th\u1ec3 \u0111\u01b0\u1ee3c ch\u1ecdn tr\u00ean trang s\u1ea3n ph\u1ea9m\t<\/span>\n<\/li>\n<li class=\"product type-product post-194 status-publish instock product_cat-uncategorized has-post-thumbnail shipping-taxable purchasable product-type-variable\">\n\t<a href=\"https:\/\/minhquan.sgi.edu.vn\/index.php\/product\/hong-tra-kem-cheese\/\" class=\"woocommerce-LoopProduct-link woocommerce-loop-product__link\"><img decoding=\"async\" width=\"300\" height=\"300\" src=\"https:\/\/minhquan.sgi.edu.vn\/wp-content\/uploads\/2025\/10\/c6-300x300.png\" class=\"attachment-woocommerce_thumbnail size-woocommerce_thumbnail\" alt=\"H\u1ed2NG TR\u00c0 KEM CHEESE\" srcset=\"https:\/\/minhquan.sgi.edu.vn\/wp-content\/uploads\/2025\/10\/c6-300x300.png 300w, https:\/\/minhquan.sgi.edu.vn\/wp-content\/uploads\/2025\/10\/c6-100x100.png 100w, https:\/\/minhquan.sgi.edu.vn\/wp-content\/uploads\/2025\/10\/c6-600x600.png 600w, https:\/\/minhquan.sgi.edu.vn\/wp-content\/uploads\/2025\/10\/c6-150x150.png 150w, https:\/\/minhquan.sgi.edu.vn\/wp-content\/uploads\/2025\/10\/c6-768x768.png 768w, https:\/\/minhquan.sgi.edu.vn\/wp-content\/uploads\/2025\/10\/c6.png 800w\" sizes=\"(max-width: 300px) 100vw, 300px\" \/><h2 class=\"woocommerce-loop-product__title\">H\u1ed2NG TR\u00c0 KEM CHEESE<\/h2>\n\t<span class=\"price\"><span class=\"woocommerce-Price-amount amount\"><bdi>30.000&nbsp;<span class=\"woocommerce-Price-currencySymbol\">&#8363;<\/span><\/bdi><\/span><\/span>\n<\/a><a href=\"https:\/\/minhquan.sgi.edu.vn\/index.php\/product\/hong-tra-kem-cheese\/\" aria-describedby=\"woocommerce_loop_add_to_cart_link_describedby_194\" data-quantity=\"1\" class=\"button product_type_variable add_to_cart_button\" data-product_id=\"194\" data-product_sku=\"\" aria-label=\"L\u1ef1a ch\u1ecdn cho &ldquo;H\u1ed2NG TR\u00c0 KEM CHEESE&rdquo;\" rel=\"nofollow\">Ch\u1ecdn<\/a>\t<span id=\"woocommerce_loop_add_to_cart_link_describedby_194\" class=\"screen-reader-text\">\n\t\tS\u1ea3n ph\u1ea9m n\u00e0y c\u00f3 nhi\u1ec1u bi\u1ebfn th\u1ec3. C\u00e1c t\u00f9y ch\u1ecdn c\u00f3 th\u1ec3 \u0111\u01b0\u1ee3c ch\u1ecdn tr\u00ean trang s\u1ea3n ph\u1ea9m\t<\/span>\n<\/li>\n<li class=\"product type-product post-187 status-publish instock product_cat-uncategorized has-post-thumbnail shipping-taxable purchasable product-type-variable\">\n\t<a href=\"https:\/\/minhquan.sgi.edu.vn\/index.php\/product\/tra-tao-xanh\/\" class=\"woocommerce-LoopProduct-link woocommerce-loop-product__link\"><img decoding=\"async\" width=\"300\" height=\"300\" src=\"https:\/\/minhquan.sgi.edu.vn\/wp-content\/uploads\/2025\/10\/65eff3e6c959da859839791b-300x300.png\" class=\"attachment-woocommerce_thumbnail size-woocommerce_thumbnail\" alt=\"Tr\u00e0 t\u00e1o xanh\" srcset=\"https:\/\/minhquan.sgi.edu.vn\/wp-content\/uploads\/2025\/10\/65eff3e6c959da859839791b-300x300.png 300w, https:\/\/minhquan.sgi.edu.vn\/wp-content\/uploads\/2025\/10\/65eff3e6c959da859839791b-100x100.png 100w, https:\/\/minhquan.sgi.edu.vn\/wp-content\/uploads\/2025\/10\/65eff3e6c959da859839791b-600x600.png 600w, https:\/\/minhquan.sgi.edu.vn\/wp-content\/uploads\/2025\/10\/65eff3e6c959da859839791b-150x150.png 150w, https:\/\/minhquan.sgi.edu.vn\/wp-content\/uploads\/2025\/10\/65eff3e6c959da859839791b.png 680w\" sizes=\"(max-width: 300px) 100vw, 300px\" \/><h2 class=\"woocommerce-loop-product__title\">Tr\u00e0 t\u00e1o xanh<\/h2>\n\t<span class=\"price\"><span class=\"woocommerce-Price-amount amount\"><bdi>20.000&nbsp;<span class=\"woocommerce-Price-currencySymbol\">&#8363;<\/span><\/bdi><\/span><\/span>\n<\/a><a href=\"https:\/\/minhquan.sgi.edu.vn\/index.php\/product\/tra-tao-xanh\/\" aria-describedby=\"woocommerce_loop_add_to_cart_link_describedby_187\" data-quantity=\"1\" class=\"button product_type_variable add_to_cart_button\" data-product_id=\"187\" data-product_sku=\"\" aria-label=\"L\u1ef1a ch\u1ecdn cho &ldquo;Tr\u00e0 t\u00e1o xanh&rdquo;\" rel=\"nofollow\">Ch\u1ecdn<\/a>\t<span id=\"woocommerce_loop_add_to_cart_link_describedby_187\" class=\"screen-reader-text\">\n\t\tS\u1ea3n ph\u1ea9m n\u00e0y c\u00f3 nhi\u1ec1u bi\u1ebfn th\u1ec3. C\u00e1c t\u00f9y ch\u1ecdn c\u00f3 th\u1ec3 \u0111\u01b0\u1ee3c ch\u1ecdn tr\u00ean trang s\u1ea3n ph\u1ea9m\t<\/span>\n<\/li>\n<li class=\"product type-product post-188 status-publish last instock product_cat-uncategorized has-post-thumbnail shipping-taxable purchasable product-type-variable\">\n\t<a href=\"https:\/\/minhquan.sgi.edu.vn\/index.php\/product\/tra-o-long-dao-hong\/\" class=\"woocommerce-LoopProduct-link woocommerce-loop-product__link\"><img loading=\"lazy\" decoding=\"async\" width=\"300\" height=\"300\" src=\"https:\/\/minhquan.sgi.edu.vn\/wp-content\/uploads\/2025\/10\/Resize-AppFood-KV-OLongDaoHong-2-03-scaled-1-300x300.jpg\" class=\"attachment-woocommerce_thumbnail size-woocommerce_thumbnail\" alt=\"Tr\u00e0 \u00d4 long \u0111\u00e0o h\u1ed3ng\" srcset=\"https:\/\/minhquan.sgi.edu.vn\/wp-content\/uploads\/2025\/10\/Resize-AppFood-KV-OLongDaoHong-2-03-scaled-1-300x300.jpg 300w, https:\/\/minhquan.sgi.edu.vn\/wp-content\/uploads\/2025\/10\/Resize-AppFood-KV-OLongDaoHong-2-03-scaled-1-100x100.jpg 100w, https:\/\/minhquan.sgi.edu.vn\/wp-content\/uploads\/2025\/10\/Resize-AppFood-KV-OLongDaoHong-2-03-scaled-1-600x600.jpg 600w, https:\/\/minhquan.sgi.edu.vn\/wp-content\/uploads\/2025\/10\/Resize-AppFood-KV-OLongDaoHong-2-03-scaled-1-1024x1024.jpg 1024w, https:\/\/minhquan.sgi.edu.vn\/wp-content\/uploads\/2025\/10\/Resize-AppFood-KV-OLongDaoHong-2-03-scaled-1-150x150.jpg 150w, https:\/\/minhquan.sgi.edu.vn\/wp-content\/uploads\/2025\/10\/Resize-AppFood-KV-OLongDaoHong-2-03-scaled-1-768x768.jpg 768w, https:\/\/minhquan.sgi.edu.vn\/wp-content\/uploads\/2025\/10\/Resize-AppFood-KV-OLongDaoHong-2-03-scaled-1-1536x1536.jpg 1536w, https:\/\/minhquan.sgi.edu.vn\/wp-content\/uploads\/2025\/10\/Resize-AppFood-KV-OLongDaoHong-2-03-scaled-1-2048x2048.jpg 2048w\" sizes=\"(max-width: 300px) 100vw, 300px\" \/><h2 class=\"woocommerce-loop-product__title\">Tr\u00e0 \u00d4 long \u0111\u00e0o h\u1ed3ng<\/h2>\n\t<span class=\"price\"><span class=\"woocommerce-Price-amount amount\"><bdi>30.000&nbsp;<span class=\"woocommerce-Price-currencySymbol\">&#8363;<\/span><\/bdi><\/span><\/span>\n<\/a><a href=\"https:\/\/minhquan.sgi.edu.vn\/index.php\/product\/tra-o-long-dao-hong\/\" aria-describedby=\"woocommerce_loop_add_to_cart_link_describedby_188\" data-quantity=\"1\" class=\"button product_type_variable add_to_cart_button\" data-product_id=\"188\" data-product_sku=\"\" aria-label=\"L\u1ef1a ch\u1ecdn cho &ldquo;Tr\u00e0 \u00d4 long \u0111\u00e0o h\u1ed3ng&rdquo;\" rel=\"nofollow\">Ch\u1ecdn<\/a>\t<span id=\"woocommerce_loop_add_to_cart_link_describedby_188\" class=\"screen-reader-text\">\n\t\tS\u1ea3n ph\u1ea9m n\u00e0y c\u00f3 nhi\u1ec1u bi\u1ebfn th\u1ec3. C\u00e1c t\u00f9y ch\u1ecdn c\u00f3 th\u1ec3 \u0111\u01b0\u1ee3c ch\u1ecdn tr\u00ean trang s\u1ea3n ph\u1ea9m\t<\/span>\n<\/li>\n<li class=\"product type-product post-186 status-publish first instock product_cat-uncategorized has-post-thumbnail shipping-taxable purchasable product-type-variable\">\n\t<a href=\"https:\/\/minhquan.sgi.edu.vn\/index.php\/product\/tra-tac-mat-ong\/\" class=\"woocommerce-LoopProduct-link woocommerce-loop-product__link\"><img loading=\"lazy\" decoding=\"async\" width=\"300\" height=\"300\" src=\"https:\/\/minhquan.sgi.edu.vn\/wp-content\/uploads\/2025\/10\/li-tra-tac-300x300.jpg\" class=\"attachment-woocommerce_thumbnail size-woocommerce_thumbnail\" alt=\"TR\u00c0 T\u1eaeC M\u1eacT ONG\" srcset=\"https:\/\/minhquan.sgi.edu.vn\/wp-content\/uploads\/2025\/10\/li-tra-tac-300x300.jpg 300w, https:\/\/minhquan.sgi.edu.vn\/wp-content\/uploads\/2025\/10\/li-tra-tac-100x100.jpg 100w, https:\/\/minhquan.sgi.edu.vn\/wp-content\/uploads\/2025\/10\/li-tra-tac-600x600.jpg 600w, https:\/\/minhquan.sgi.edu.vn\/wp-content\/uploads\/2025\/10\/li-tra-tac-150x150.jpg 150w, https:\/\/minhquan.sgi.edu.vn\/wp-content\/uploads\/2025\/10\/li-tra-tac-768x768.jpg 768w, https:\/\/minhquan.sgi.edu.vn\/wp-content\/uploads\/2025\/10\/li-tra-tac.jpg 900w\" sizes=\"(max-width: 300px) 100vw, 300px\" \/><h2 class=\"woocommerce-loop-product__title\">TR\u00c0 T\u1eaeC M\u1eacT ONG<\/h2>\n\t<span class=\"price\"><span class=\"woocommerce-Price-amount amount\"><bdi>10.000&nbsp;<span class=\"woocommerce-Price-currencySymbol\">&#8363;<\/span><\/bdi><\/span><\/span>\n<\/a><a href=\"https:\/\/minhquan.sgi.edu.vn\/index.php\/product\/tra-tac-mat-ong\/\" aria-describedby=\"woocommerce_loop_add_to_cart_link_describedby_186\" data-quantity=\"1\" class=\"button product_type_variable add_to_cart_button\" data-product_id=\"186\" data-product_sku=\"\" aria-label=\"L\u1ef1a ch\u1ecdn cho &ldquo;TR\u00c0 T\u1eaeC M\u1eacT ONG&rdquo;\" rel=\"nofollow\">Ch\u1ecdn<\/a>\t<span id=\"woocommerce_loop_add_to_cart_link_describedby_186\" class=\"screen-reader-text\">\n\t\tS\u1ea3n ph\u1ea9m n\u00e0y c\u00f3 nhi\u1ec1u bi\u1ebfn th\u1ec3. C\u00e1c t\u00f9y ch\u1ecdn c\u00f3 th\u1ec3 \u0111\u01b0\u1ee3c ch\u1ecdn tr\u00ean trang s\u1ea3n ph\u1ea9m\t<\/span>\n<\/li>\n<li class=\"product type-product post-184 status-publish instock product_cat-uncategorized has-post-thumbnail shipping-taxable purchasable product-type-variable\">\n\t<a href=\"https:\/\/minhquan.sgi.edu.vn\/index.php\/product\/tra-sua-bac-ha\/\" class=\"woocommerce-LoopProduct-link woocommerce-loop-product__link\"><img loading=\"lazy\" decoding=\"async\" width=\"300\" height=\"300\" src=\"https:\/\/minhquan.sgi.edu.vn\/wp-content\/uploads\/2025\/10\/2018-03-20-08_44_10_bacha_9fccbee2deaf475bb832b410b2cc76e9_1024x1024-300x300.jpeg\" class=\"attachment-woocommerce_thumbnail size-woocommerce_thumbnail\" alt=\"Tr\u00e0 s\u1eefa b\u1ea1c h\u00e0\" srcset=\"https:\/\/minhquan.sgi.edu.vn\/wp-content\/uploads\/2025\/10\/2018-03-20-08_44_10_bacha_9fccbee2deaf475bb832b410b2cc76e9_1024x1024-300x300.jpeg 300w, https:\/\/minhquan.sgi.edu.vn\/wp-content\/uploads\/2025\/10\/2018-03-20-08_44_10_bacha_9fccbee2deaf475bb832b410b2cc76e9_1024x1024-100x100.jpeg 100w, https:\/\/minhquan.sgi.edu.vn\/wp-content\/uploads\/2025\/10\/2018-03-20-08_44_10_bacha_9fccbee2deaf475bb832b410b2cc76e9_1024x1024-150x150.jpeg 150w, https:\/\/minhquan.sgi.edu.vn\/wp-content\/uploads\/2025\/10\/2018-03-20-08_44_10_bacha_9fccbee2deaf475bb832b410b2cc76e9_1024x1024.jpeg 600w\" sizes=\"(max-width: 300px) 100vw, 300px\" \/><h2 class=\"woocommerce-loop-product__title\">Tr\u00e0 s\u1eefa b\u1ea1c h\u00e0<\/h2>\n\t<span class=\"price\"><span class=\"woocommerce-Price-amount amount\"><bdi>10.000&nbsp;<span class=\"woocommerce-Price-currencySymbol\">&#8363;<\/span><\/bdi><\/span><\/span>\n<\/a><a href=\"https:\/\/minhquan.sgi.edu.vn\/index.php\/product\/tra-sua-bac-ha\/\" aria-describedby=\"woocommerce_loop_add_to_cart_link_describedby_184\" data-quantity=\"1\" class=\"button product_type_variable add_to_cart_button\" data-product_id=\"184\" data-product_sku=\"\" aria-label=\"L\u1ef1a ch\u1ecdn cho &ldquo;Tr\u00e0 s\u1eefa b\u1ea1c h\u00e0&rdquo;\" rel=\"nofollow\">Ch\u1ecdn<\/a>\t<span id=\"woocommerce_loop_add_to_cart_link_describedby_184\" class=\"screen-reader-text\">\n\t\tS\u1ea3n ph\u1ea9m n\u00e0y c\u00f3 nhi\u1ec1u bi\u1ebfn th\u1ec3. C\u00e1c t\u00f9y ch\u1ecdn c\u00f3 th\u1ec3 \u0111\u01b0\u1ee3c ch\u1ecdn tr\u00ean trang s\u1ea3n ph\u1ea9m\t<\/span>\n<\/li>\n<li class=\"product type-product post-181 status-publish instock product_cat-uncategorized has-post-thumbnail shipping-taxable purchasable product-type-variable\">\n\t<a href=\"https:\/\/minhquan.sgi.edu.vn\/index.php\/product\/tra-trai-cay-nhiet-doi\/\" class=\"woocommerce-LoopProduct-link woocommerce-loop-product__link\"><img loading=\"lazy\" decoding=\"async\" width=\"300\" height=\"300\" src=\"https:\/\/minhquan.sgi.edu.vn\/wp-content\/uploads\/2025\/10\/18-1530-300x300.png\" class=\"attachment-woocommerce_thumbnail size-woocommerce_thumbnail\" alt=\"TR\u00c0 TR\u00c1I C\u00c2Y NHI\u1ec6T \u0110\u1edaI\" srcset=\"https:\/\/minhquan.sgi.edu.vn\/wp-content\/uploads\/2025\/10\/18-1530-300x300.png 300w, https:\/\/minhquan.sgi.edu.vn\/wp-content\/uploads\/2025\/10\/18-1530-100x100.png 100w, https:\/\/minhquan.sgi.edu.vn\/wp-content\/uploads\/2025\/10\/18-1530-150x150.png 150w, https:\/\/minhquan.sgi.edu.vn\/wp-content\/uploads\/2025\/10\/18-1530.png 600w\" sizes=\"(max-width: 300px) 100vw, 300px\" \/><h2 class=\"woocommerce-loop-product__title\">TR\u00c0 TR\u00c1I C\u00c2Y NHI\u1ec6T \u0110\u1edaI<\/h2>\n\t<span class=\"price\"><span class=\"woocommerce-Price-amount amount\"><bdi>10.000&nbsp;<span class=\"woocommerce-Price-currencySymbol\">&#8363;<\/span><\/bdi><\/span><\/span>\n<\/a><a href=\"https:\/\/minhquan.sgi.edu.vn\/index.php\/product\/tra-trai-cay-nhiet-doi\/\" aria-describedby=\"woocommerce_loop_add_to_cart_link_describedby_181\" data-quantity=\"1\" class=\"button product_type_variable add_to_cart_button\" data-product_id=\"181\" data-product_sku=\"\" aria-label=\"L\u1ef1a ch\u1ecdn cho &ldquo;TR\u00c0 TR\u00c1I C\u00c2Y NHI\u1ec6T \u0110\u1edaI&rdquo;\" rel=\"nofollow\">Ch\u1ecdn<\/a>\t<span id=\"woocommerce_loop_add_to_cart_link_describedby_181\" class=\"screen-reader-text\">\n\t\tS\u1ea3n ph\u1ea9m n\u00e0y c\u00f3 nhi\u1ec1u bi\u1ebfn th\u1ec3. C\u00e1c t\u00f9y ch\u1ecdn c\u00f3 th\u1ec3 \u0111\u01b0\u1ee3c ch\u1ecdn tr\u00ean trang s\u1ea3n ph\u1ea9m\t<\/span>\n<\/li>\n<li class=\"product type-product post-170 status-publish last instock product_cat-uncategorized has-post-thumbnail shipping-taxable purchasable product-type-variable\">\n\t<a href=\"https:\/\/minhquan.sgi.edu.vn\/index.php\/product\/soda-viet-quat\/\" class=\"woocommerce-LoopProduct-link woocommerce-loop-product__link\"><img loading=\"lazy\" decoding=\"async\" width=\"300\" height=\"300\" src=\"https:\/\/minhquan.sgi.edu.vn\/wp-content\/uploads\/2025\/10\/soda-viet-quat-6-300x300.jpg\" class=\"attachment-woocommerce_thumbnail size-woocommerce_thumbnail\" alt=\"Soda vi\u1ec7t qu\u1ea5t\" srcset=\"https:\/\/minhquan.sgi.edu.vn\/wp-content\/uploads\/2025\/10\/soda-viet-quat-6-300x300.jpg 300w, https:\/\/minhquan.sgi.edu.vn\/wp-content\/uploads\/2025\/10\/soda-viet-quat-6-100x100.jpg 100w, https:\/\/minhquan.sgi.edu.vn\/wp-content\/uploads\/2025\/10\/soda-viet-quat-6-150x150.jpg 150w\" sizes=\"(max-width: 300px) 100vw, 300px\" \/><h2 class=\"woocommerce-loop-product__title\">Soda vi\u1ec7t qu\u1ea5t<\/h2>\n\t<span class=\"price\"><span class=\"woocommerce-Price-amount amount\"><bdi>10.000&nbsp;<span class=\"woocommerce-Price-currencySymbol\">&#8363;<\/span><\/bdi><\/span><\/span>\n<\/a><a href=\"https:\/\/minhquan.sgi.edu.vn\/index.php\/product\/soda-viet-quat\/\" aria-describedby=\"woocommerce_loop_add_to_cart_link_describedby_170\" data-quantity=\"1\" class=\"button product_type_variable add_to_cart_button\" data-product_id=\"170\" data-product_sku=\"\" aria-label=\"L\u1ef1a ch\u1ecdn cho &ldquo;Soda vi\u1ec7t qu\u1ea5t&rdquo;\" rel=\"nofollow\">Ch\u1ecdn<\/a>\t<span id=\"woocommerce_loop_add_to_cart_link_describedby_170\" class=\"screen-reader-text\">\n\t\tS\u1ea3n ph\u1ea9m n\u00e0y c\u00f3 nhi\u1ec1u bi\u1ebfn th\u1ec3. C\u00e1c t\u00f9y ch\u1ecdn c\u00f3 th\u1ec3 \u0111\u01b0\u1ee3c ch\u1ecdn tr\u00ean trang s\u1ea3n ph\u1ea9m\t<\/span>\n<\/li>\n<\/ul>\n<\/div>\t\t\t\t<\/div>\n\t\t\t\t<\/div>\n\t\t\t\t\t<\/div>\n\t\t\t\t<\/div>\n\t\t\t\t<\/div>\n\t\t","protected":false},"excerpt":{"rendered":"<p>NH\u1eacP H\u1ed8I GHI\u1ec0N TR\u00c0 S\u1eeeA TH\u1ea2 GA C\u00d9NG MIMI NH\u00c9!!G\u1ed2M 25 LO\u1ea0I TR\u00c0 S\u1eeeA V\u00c0 TR\u00c0 KH\u00c1C NHAU Click HereNHANH TAY NHANH TAY MUA N\u00c0O!!!GI\u1ea2M GI\u00c1 M\u1ea0NH T\u1eea NG\u00c0Y 11\/11 \u0111\u1ebfn 29\/11Click Here BEST SELLERS &#8211; TR\u00c0 S\u1eeeA&nbsp; \u0110\u00c0I LOAN CH\u1ea4T L\u01af\u1ee2NG<\/p>\n","protected":false},"author":1,"featured_media":0,"parent":0,"menu_order":0,"comment_status":"closed","ping_status":"closed","template":"","meta":{"footnotes":""},"class_list":["post-329","page","type-page","status-publish","hentry"],"_links":{"self":[{"href":"https:\/\/minhquan.sgi.edu.vn\/index.php\/wp-json\/wp\/v2\/pages\/329","targetHints":{"allow":["GET"]}}],"collection":[{"href":"https:\/\/minhquan.sgi.edu.vn\/index.php\/wp-json\/wp\/v2\/pages"}],"about":[{"href":"https:\/\/minhquan.sgi.edu.vn\/index.php\/wp-json\/wp\/v2\/types\/page"}],"author":[{"embeddable":true,"href":"https:\/\/minhquan.sgi.edu.vn\/index.php\/wp-json\/wp\/v2\/users\/1"}],"replies":[{"embeddable":true,"href":"https:\/\/minhquan.sgi.edu.vn\/index.php\/wp-json\/wp\/v2\/comments?post=329"}],"version-history":[{"count":25,"href":"https:\/\/minhquan.sgi.edu.vn\/index.php\/wp-json\/wp\/v2\/pages\/329\/revisions"}],"predecessor-version":[{"id":395,"href":"https:\/\/minhquan.sgi.edu.vn\/index.php\/wp-json\/wp\/v2\/pages\/329\/revisions\/395"}],"wp:attachment":[{"href":"https:\/\/minhquan.sgi.edu.vn\/index.php\/wp-json\/wp\/v2\/media?parent=329"}],"curies":[{"name":"wp","href":"https:\/\/api.w.org\/{rel}","templated":true}]}}